{"id":4416,"date":"2022-06-28T18:20:51","date_gmt":"2022-06-28T16:20:51","guid":{"rendered":"http:\/\/zeroflats.com\/politique-dutilisation-des-cookies\/"},"modified":"2022-06-28T18:20:52","modified_gmt":"2022-06-28T16:20:52","slug":"politique-dutilisation-des-cookies","status":"publish","type":"page","link":"https:\/\/zeroflats.com\/fr\/politique-dutilisation-des-cookies\/","title":{"rendered":"Politique d&rsquo;utilisation des cookies"},"content":{"rendered":"\t\t<div data-elementor-type=\"wp-page\" data-elementor-id=\"4416\" class=\"elementor elementor-4416 elementor-1188\" data-elementor-post-type=\"page\">\n\t\t\t\t\t\t<section class=\"elementor-section elementor-top-section elementor-element elementor-element-f283f03 elementor-section-full_width elementor-section-height-default elementor-section-height-default\" data-id=\"f283f03\" data-element_type=\"section\" data-settings=\"{&quot;background_background&quot;:&quot;classic&quot;}\">\n\t\t\t\t\t\t<div class=\"elementor-container elementor-column-gap-no\">\n\t\t\t\t\t<div class=\"elementor-column elementor-col-100 elementor-top-column elementor-element elementor-element-e5ac0d4\" data-id=\"e5ac0d4\" data-element_type=\"column\">\n\t\t\t<div class=\"elementor-widget-wrap elementor-element-populated\">\n\t\t\t\t\t\t<div class=\"elementor-element elementor-element-54032a8 elementor-widget elementor-widget-heading\" data-id=\"54032a8\" data-element_type=\"widget\" data-widget_type=\"heading.default\">\n\t\t\t\t<div class=\"elementor-widget-container\">\n\t\t\t\t\t<p class=\"elementor-heading-title elementor-size-default\">POLITIQUE D'UTILISATION DE COOKIES<\/p>\t\t\t\t<\/div>\n\t\t\t\t<\/div>\n\t\t\t\t<div class=\"elementor-element elementor-element-c0644ee elementor-widget elementor-widget-text-editor\" data-id=\"c0644ee\" data-element_type=\"widget\" data-widget_type=\"text-editor.default\">\n\t\t\t\t<div class=\"elementor-widget-container\">\n\t\t\t\t\t\t\t\t\t<p>Las cookies son peque\u00f1os archivos de texto que se instalan en los equipos desde los que se accede a nuestro sitio web. Entre otras finalidades, las cookies registran las preferencias y los h\u00e1bitos de navegaci\u00f3n de un usuario. Se asocian al usuario y a su equipo, pero no proporcionan datos directamente identificativos. Algunas cookies, por ejemplo las que permiten elaborar estad\u00edsticas o las publicitarias, necesitan el consentimiento del usuario de nuestro sitio. En cambio otras cookies, las de car\u00e1cter t\u00e9cnico o las necesarias para ofrecer un servicio \u00fanico solicitado por el usuario, son imprescindibles para el funcionamiento del sitio. Las cookies se pueden clasificar seg\u00fan su vigencia, quien las gestiona o su finalidad.<\/p><p>\u00a0<\/p><p><strong>Seg\u00fan la vigencia<\/strong><\/p><p>De sesi\u00f3n: son temporales y quedan en el archivo de cookies de su navegador hasta el momento que abandone el servidor web.<\/p><p>Persistentes: quedan almacenadas y el sitio web los lee cada vez que haga una visita.<\/p><p>\u00a0<\/p><p><strong>Seg\u00fan qui\u00e9n las gestione<\/strong><\/p><p>Propias: son las propias del titular del sitio web desde el que se prestan los servicios al usuario.<\/p><p>De terceros: se env\u00edan al usuario por parte de un tercero, diferente al titular del sitio.<\/p><p>\u00a0<\/p><p><strong>Seg\u00fan el fin<\/strong><\/p><p>Necesarias: las imprescindibles para facilitar la conexi\u00f3n. No hay opci\u00f3n de inhabilitarlas, dado que son las necesarias para el funcionamiento del sitio web.<\/p><p>T\u00e9cnicas: las que permiten controlar el tr\u00e1fico y comunicaci\u00f3n de datos, identificar la sesi\u00f3n y acceder a p\u00e1ginas de acceso restringido, entre otros.<\/p><p>De preferencias: permiten recordar sus opciones (por ejemplo lengua o regi\u00f3n desde la que accede), a fin de proporcionarle servicios avanzados.<\/p><p>Anal\u00edticas: proporcionan informaci\u00f3n estad\u00edstica y permiten mejorar los servicios. Utilizamos cookies de Google Analytics que puede desactivar instalando este plugin.<\/p><p>De publicidad: para ofrecer contenidos publicitarios relacionados con los intereses del usuario, bien directamente, bien por medio de terceros ( \u00ab\u00a0adservers\u00a0\u00bb).<\/p><p>De geolocalizaci\u00f3n: para conocer la localizaci\u00f3n geogr\u00e1fica del usuario.<\/p><p>Usted puede revocar el consentimiento sobre la utilizaci\u00f3n de cookies elimin\u00e1ndolas por medio de las opciones que le ofrece su navegador. Tambi\u00e9n puede configurar su navegador para que le informe previamente de la posible instalaci\u00f3n de cookies. En los enlaces siguientes encontrar\u00e1 informaci\u00f3n sobre c\u00f3mo hacerlo.<\/p><p>&#8211; Para <a style=\"color: #96d82b;\" href=\"https:\/\/support.google.com\/chrome\/answer\/95647?hl=es\" target=\"_blank\" rel=\"nofollow noreferrer noopener\">Google Chorme<\/a><br \/>&#8211; Para <a style=\"color: #96d82b;\" href=\"https:\/\/support.apple.com\/es-es\/HT201265\" target=\"_blank\" rel=\"nofollow noreferrer noopener\">Apple Safari<\/a>\u00a0<br \/>&#8211; Para <a style=\"color: #96d82b;\" href=\"https:\/\/support.microsoft.com\/en-us\/windows\/delete-and-manage-cookies-168dab11-0753-043d-7c16-ede5947fc64d#ie=ie-10\" target=\"_blank\" rel=\"nofollow noreferrer noopener\">Internet Explorer<\/a><br \/>&#8211; Para <a style=\"color: #96d82b;\" href=\"https:\/\/support.mozilla.org\/es\/kb\/habilitar-y-deshabilitar-cookies-sitios-web-rastrear-preferencias?redirectlocale=es&amp;redirectslug=habilitar-y-deshabilitar-cookies-que-los-sitios-we\" target=\"_blank\" rel=\"nofollow noreferrer noopener\">Mozilla Firefox<\/a><\/p><p>\u00a0<\/p><p><strong>Modificaciones <\/strong><\/p><p>Este sitio web puede modificar esta pol\u00edtica de cookies en funci\u00f3n de exigencias legales, o con la finalidad de adaptar dicha pol\u00edtica a las instrucciones dictadas por la Agencia Espa\u00f1ola de Protecci\u00f3n de Datos. Por esta raz\u00f3n, aconsejamos a los usuarios que la visiten peri\u00f3dicamente.<\/p>\t\t\t\t\t\t\t\t<\/div>\n\t\t\t\t<\/div>\n\t\t\t\t\t<\/div>\n\t\t<\/div>\n\t\t\t\t\t<\/div>\n\t\t<\/section>\n\t\t\t\t<\/div>\n\t\t","protected":false},"excerpt":{"rendered":"<p>POLITIQUE D&rsquo;UTILISATION DE COOKIES Las cookies son peque\u00f1os archivos de texto que se instalan en los equipos desde los que se accede a nuestro sitio web. Entre otras finalidades, las cookies registran las preferencias y los h\u00e1bitos de navegaci\u00f3n de un usuario. Se asocian al usuario y a su equipo, pero no proporcionan datos directamente [&hellip;]<\/p>\n","protected":false},"author":1,"featured_media":0,"parent":0,"menu_order":0,"comment_status":"closed","ping_status":"closed","template":"elementor_header_footer","meta":{"footnotes":""},"class_list":["post-4416","page","type-page","status-publish","hentry"],"_links":{"self":[{"href":"https:\/\/zeroflats.com\/fr\/wp-json\/wp\/v2\/pages\/4416","targetHints":{"allow":["GET"]}}],"collection":[{"href":"https:\/\/zeroflats.com\/fr\/wp-json\/wp\/v2\/pages"}],"about":[{"href":"https:\/\/zeroflats.com\/fr\/wp-json\/wp\/v2\/types\/page"}],"author":[{"embeddable":true,"href":"https:\/\/zeroflats.com\/fr\/wp-json\/wp\/v2\/users\/1"}],"replies":[{"embeddable":true,"href":"https:\/\/zeroflats.com\/fr\/wp-json\/wp\/v2\/comments?post=4416"}],"version-history":[{"count":1,"href":"https:\/\/zeroflats.com\/fr\/wp-json\/wp\/v2\/pages\/4416\/revisions"}],"predecessor-version":[{"id":4417,"href":"https:\/\/zeroflats.com\/fr\/wp-json\/wp\/v2\/pages\/4416\/revisions\/4417"}],"wp:attachment":[{"href":"https:\/\/zeroflats.com\/fr\/wp-json\/wp\/v2\/media?parent=4416"}],"curies":[{"name":"wp","href":"https:\/\/api.w.org\/{rel}","templated":true}]}}