{"id":4400,"date":"2022-06-28T18:12:43","date_gmt":"2022-06-28T16:12:43","guid":{"rendered":"http:\/\/zeroflats.com\/conseils-juridiques\/"},"modified":"2022-06-28T18:16:54","modified_gmt":"2022-06-28T16:16:54","slug":"conseils-juridiques","status":"publish","type":"page","link":"https:\/\/zeroflats.com\/fr\/conseils-juridiques\/","title":{"rendered":"Mentions l\u00e9gales"},"content":{"rendered":"\t\t<div data-elementor-type=\"wp-page\" data-elementor-id=\"4400\" class=\"elementor elementor-4400 elementor-1184\" data-elementor-post-type=\"page\">\n\t\t\t\t\t\t<section class=\"elementor-section elementor-top-section elementor-element elementor-element-79a06d0 elementor-section-full_width elementor-section-height-default elementor-section-height-default\" data-id=\"79a06d0\" data-element_type=\"section\" data-settings=\"{&quot;background_background&quot;:&quot;classic&quot;}\">\n\t\t\t\t\t\t<div class=\"elementor-container elementor-column-gap-no\">\n\t\t\t\t\t<div class=\"elementor-column elementor-col-100 elementor-top-column elementor-element elementor-element-0f04703\" data-id=\"0f04703\" data-element_type=\"column\">\n\t\t\t<div class=\"elementor-widget-wrap elementor-element-populated\">\n\t\t\t\t\t\t<div class=\"elementor-element elementor-element-daa53f5 elementor-widget elementor-widget-heading\" data-id=\"daa53f5\" data-element_type=\"widget\" data-widget_type=\"heading.default\">\n\t\t\t\t<div class=\"elementor-widget-container\">\n\t\t\t\t\t<p class=\"elementor-heading-title elementor-size-default\">MENTIONS L\u00c9GALES<\/p>\t\t\t\t<\/div>\n\t\t\t\t<\/div>\n\t\t\t\t<div class=\"elementor-element elementor-element-d8ddbb3 elementor-widget elementor-widget-text-editor\" data-id=\"d8ddbb3\" data-element_type=\"widget\" data-widget_type=\"text-editor.default\">\n\t\t\t\t<div class=\"elementor-widget-container\">\n\t\t\t\t\t\t\t\t\t<p><strong>Identificaci\u00f3n del titular<\/strong><\/p><p>Este sitio web es propiedad de ZEROFLATS-eef, s.l con CIF B-55053920 y domicilio profesional en calle del pont num 68, de la Bisbal d\u2019Empord\u00e0 (CP 17100), tel\u00e9fono 972 645 720 y direcci\u00f3n electr\u00f3nica de contacto zeroflats@gmail.com<\/p><p>\u00a0<\/p><p><strong>Aceptaci\u00f3n de las condiciones generales<\/strong><\/p><p>La utilizaci\u00f3n de los canales de compra desde la p\u00e1gina www.zeroflats.com conlleva la aceptaci\u00f3n de las presentes condiciones. ZeroFlats entiende que al efectuar una compra, el cliente deber\u00e1 haber aceptado, sin reservas, las presentes condiciones generales de venta y condiciones que habr\u00e1 podido leer y aceptar previamente.<\/p><p>\u00a0<\/p><p><strong>Condiciones de uso del sitio web<\/strong><\/p><p>El uso de este sitio web implica la aceptaci\u00f3n plena de los t\u00e9rminos y condiciones del presente aviso legal. Los posibles conflictos relativos a esta web se regir\u00e1n exclusivamente por el derecho del Estado espa\u00f1ol. Toda persona usuaria de la web, independientemente de la jurisdicci\u00f3n territorial desde la cual se produzca su acceso, acepta el cumplimiento y respeto de estas cl\u00e1usulas con renuncia expresa a cualquier otro fuero que pudiera corresponder.<\/p><p>\u00a0<\/p><p><strong>Uso de este sitio web, sus contenidos y servicios<\/strong><\/p><p>El usuario se compromete a utilizar este sitio web y sus servicios y contenidos de forma correcta y l\u00edcita, de acuerdo con la legislaci\u00f3n vigente, la buena fe y los usos generalmente aceptados.<\/p><p>El usuario no realizar\u00e1 acciones que puedan da\u00f1ar, inutilizar o deteriorar de cualquier manera, las p\u00e1ginas web de este sitio. Tampoco llevar\u00e1 a cabo ninguna actividad que pueda impedir a los dem\u00e1s usuarios la normal utilizaci\u00f3n o disfrute del sitio web.<\/p><p>Quedan prohibidos los siguientes actos en relaci\u00f3n con los contenidos de este sitio web:<\/p><p>&#8211; Su reproducci\u00f3n, distribuci\u00f3n o modificaci\u00f3n, salvo que se cuente con la autorizaci\u00f3n de sus leg\u00edtimos titulares o resulte legalmente permitido.<\/p><p>La vulneraci\u00f3n de los derechos de ZeroFlats o de sus leg\u00edtimos titulares sobre dichos contenidos.<\/p><p>Su utilizaci\u00f3n para todo tipo de fines comerciales o publicitarios, a no ser que se cuente con la autorizaci\u00f3n por escrito de ZeroFlats.<\/p><p>\u00a0<\/p><p><strong>Derechos de propiedad intelectual e industrial<\/strong><\/p><p>Los contenidos de este sitio, incluyendo los textos, im\u00e1genes y dise\u00f1os gr\u00e1ficos, pertenecen a ZeroFlats, o a terceros que han autorizado su uso. ZeroFlats presenta estos contenidos con fines de informaci\u00f3n y publicidad. ZeroFlats autoriza la utilizaci\u00f3n de los contenidos del sitio exclusivamente con estas finalidades. Cualquier utilizaci\u00f3n de estos dise\u00f1os, im\u00e1genes o textos deber\u00e1 citar expresamente su pertenencia a ZeroFlats, que se reserva el derecho a iniciar las acciones legales oportunas para reparar los da\u00f1os y perjuicios causados por cualquier acto que vulnere sus derechos de propiedad intelectual o industrial.<\/p><p>No se autorizan presentaciones de los contenidos de este sitio en una ventana ajena a ZeroFlats (framing o ifram), sin autorizaci\u00f3n previa.<\/p><p>\u00a0<\/p><p><strong>La responsabilidad de ZeroFlats<\/strong><\/p><p>se hace responsable en ning\u00fan caso de los da\u00f1os y perjuicios de cualquier naturaleza que pudieran causarse por:<\/p><p>La no disponibilidad, mantenimiento y funcionamiento de la p\u00e1gina web o de sus servicios o contenidos.<\/p><p>La falta de utilidad, adecuaci\u00f3n o validez de la p\u00e1gina web o de sus servicios o contenidos para satisfacer necesidades, actividades o resultados concretos o expectativas de los usuarios.<\/p><p>La existencia de virus en los contenidos u otros elementos que puedan alterar o da\u00f1ar los sistemas inform\u00e1ticos y\/o datos de los usuarios.<\/p><p>Cualquier uso de los contenidos por parte de los usuarios, y especialmente los usos il\u00edcitos, negligentes, fraudulentos o contrarios a las presentes condiciones generales, a la buena fe, a los usos generalmente aceptados y al orden p\u00fablico.<\/p><p>La ilicitud, falta de calidad, fiabilidad, utilidad y disponibilidad de los servicios prestados por terceros y puestos a disposici\u00f3n del usuario o anunciados en el sitio web.<\/p><p>El incumplimiento por parte de terceros de sus obligaciones o compromisos en relaci\u00f3n con los servicios prestados a los usuarios a trav\u00e9s del sitio web.<\/p><p>\u00a0<\/p><p><strong>La responsabilidad del usuario<\/strong><\/p><p>El usuario se compromete a no utilizar el sitio web, ni la informaci\u00f3n ofrecida en el mismo, para la realizaci\u00f3n de actividades contrarias a la Ley, la moral o el orden p\u00fablico. Al hacer uso de este sitio Usted esta conforme con las condiciones establecidas por ZeroFlats.<\/p><p>Las opiniones, contenidos y, en general, todas las actividades realizadas por el usuario, son de su exclusiva responsabilidad, sin que pueda responsabilizarse a ZeroFlats de los da\u00f1os o perjuicios que pudieran derivarse de dichas actividades ajenas a su voluntad y sin que \u00e9sta tenga un conocimiento efectivo de las mismas.<\/p><p>\u00a0<\/p><p><strong>La pol\u00edtica de enlaces<\/strong><\/p><p>En este sitio web el usuario podr\u00e1 encontrar diversos enlaces que le conducir\u00e1n a p\u00e1ginas web independientes de ZeroFlats. Su \u00fanica finalidad es la de facilitar y animar el acceso a otros servicios o fuentes de informaci\u00f3n en Internet.<\/p><p>ZeroFlats no se hace responsable de los contenidos a los que se acceda en virtud de los mencionados enlaces, ni de las modificaciones que se lleven a cabo en los mismos, ni del uso que de aquellos se realice, ni de su disponibilidad t\u00e9cnica.<\/p><p>El establecimiento de cualquier enlace desde una pagina web ajena, a cualquiera de las p\u00e1ginas del sitio web de ZeroFlats estar\u00e1 sometido a las siguientes condiciones:<\/p><p>No se permite la reproducci\u00f3n ni total ni parcial de ninguno de los servicios o contenidos que forman parte de www.zeroflats.com<\/p><p>No se incluir\u00e1 ninguna manifestaci\u00f3n falsa, inexacta o incorrecta sobre las p\u00e1ginas de www.zeroflats.com y sus servicios.<\/p><p>Queda prohibida la utilizaci\u00f3n de t\u00e9cnicas de \u201cdeep linking\u201d que generen confusi\u00f3n en el usuario, como por ejemplo el \u201cframing\u201d, y\/o supongan un aprovechamiento indebido o il\u00edcito de la reputaci\u00f3n de www.zeroflats.com, o sus contenidos y servicios.<\/p><p>\u00a0<\/p><p><strong>Pol\u00edtica de Spam<\/strong><\/p><p>Queda absolutamente prohibida la utilizaci\u00f3n del sitio web para el env\u00edo de publicidad o comunicaciones comerciales, para la emisi\u00f3n de mensajes con finalidad publicitaria o para la captaci\u00f3n de datos con el mismo fin. Tanto el env\u00edo de spam como cualquier fraude o abuso son actividades penadas por la Ley y ZeroFlats las remitir\u00e1 a las autoridades correspondientes.<\/p><p>\u00a0<\/p><p><strong>Modificaci\u00f3n y terminaci\u00f3n de servicios<\/strong><\/p><p>ZeroFlats se reserva el derecho a modificar, suspender o dar por terminada la prestaci\u00f3n de los servicios o contenidos de www.zeroflats.com, en todo o en parte, en cualquier momento, y sin necesidad de previo aviso al usuario del sitio web.<\/p><p>\u00a0<\/p><p><strong>Responsabilidad sobre los contenidos<\/strong><\/p><p>Aunque ZeroFlats act\u00faa con la m\u00e1xima diligencia posible, se puede dar el caso de que alg\u00fan dato o informaci\u00f3n no est\u00e9 del todo actualizada en el momento que el usuario del sitio web lo consulte. Por eso ZeroFlats manifiesta que las referencias de los productos que se presentan en su sitio web tienen una funci\u00f3n orientativa y no obligan a ZeroFlats hasta la confirmaci\u00f3n expresa de un pedido.<\/p><p>ZeroFlats se reserva el derecho a modificar unilateralmente, en cualquier momento y sin aviso previo, la presentaci\u00f3n, configuraci\u00f3n y contenidos del web.<\/p><p>ZeroFlats no ser\u00e1 responsable de la informaci\u00f3n que se pueda obtener a trav\u00e9s de enlaces incluidos en el sitio.<\/p>\t\t\t\t\t\t\t\t<\/div>\n\t\t\t\t<\/div>\n\t\t\t\t\t<\/div>\n\t\t<\/div>\n\t\t\t\t\t<\/div>\n\t\t<\/section>\n\t\t\t\t<\/div>\n\t\t","protected":false},"excerpt":{"rendered":"<p>MENTIONS L\u00c9GALES Identificaci\u00f3n del titular Este sitio web es propiedad de ZEROFLATS-eef, s.l con CIF B-55053920 y domicilio profesional en calle del pont num 68, de la Bisbal d\u2019Empord\u00e0 (CP 17100), tel\u00e9fono 972 645 720 y direcci\u00f3n electr\u00f3nica de contacto zeroflats@gmail.com \u00a0 Aceptaci\u00f3n de las condiciones generales La utilizaci\u00f3n de los canales de compra desde [&hellip;]<\/p>\n","protected":false},"author":1,"featured_media":0,"parent":0,"menu_order":0,"comment_status":"closed","ping_status":"closed","template":"elementor_header_footer","meta":{"footnotes":""},"class_list":["post-4400","page","type-page","status-publish","hentry"],"_links":{"self":[{"href":"https:\/\/zeroflats.com\/fr\/wp-json\/wp\/v2\/pages\/4400","targetHints":{"allow":["GET"]}}],"collection":[{"href":"https:\/\/zeroflats.com\/fr\/wp-json\/wp\/v2\/pages"}],"about":[{"href":"https:\/\/zeroflats.com\/fr\/wp-json\/wp\/v2\/types\/page"}],"author":[{"embeddable":true,"href":"https:\/\/zeroflats.com\/fr\/wp-json\/wp\/v2\/users\/1"}],"replies":[{"embeddable":true,"href":"https:\/\/zeroflats.com\/fr\/wp-json\/wp\/v2\/comments?post=4400"}],"version-history":[{"count":7,"href":"https:\/\/zeroflats.com\/fr\/wp-json\/wp\/v2\/pages\/4400\/revisions"}],"predecessor-version":[{"id":4409,"href":"https:\/\/zeroflats.com\/fr\/wp-json\/wp\/v2\/pages\/4400\/revisions\/4409"}],"wp:attachment":[{"href":"https:\/\/zeroflats.com\/fr\/wp-json\/wp\/v2\/media?parent=4400"}],"curies":[{"name":"wp","href":"https:\/\/api.w.org\/{rel}","templated":true}]}}