{"id":4410,"date":"2022-06-28T18:17:33","date_gmt":"2022-06-28T16:17:33","guid":{"rendered":"http:\/\/zeroflats.com\/privacy-policy\/"},"modified":"2022-06-28T18:17:33","modified_gmt":"2022-06-28T16:17:33","slug":"privacy-policy","status":"publish","type":"page","link":"https:\/\/zeroflats.com\/en\/privacy-policy\/","title":{"rendered":"Privacy Policy"},"content":{"rendered":"\t\t<div data-elementor-type=\"wp-page\" data-elementor-id=\"4410\" class=\"elementor elementor-4410 elementor-1186\" data-elementor-post-type=\"page\">\n\t\t\t\t\t\t<section class=\"elementor-section elementor-top-section elementor-element elementor-element-7f4e962 elementor-section-full_width elementor-section-height-default elementor-section-height-default\" data-id=\"7f4e962\" data-element_type=\"section\" data-settings=\"{&quot;background_background&quot;:&quot;classic&quot;}\">\n\t\t\t\t\t\t<div class=\"elementor-container elementor-column-gap-no\">\n\t\t\t\t\t<div class=\"elementor-column elementor-col-100 elementor-top-column elementor-element elementor-element-e6f3999\" data-id=\"e6f3999\" data-element_type=\"column\">\n\t\t\t<div class=\"elementor-widget-wrap elementor-element-populated\">\n\t\t\t\t\t\t<div class=\"elementor-element elementor-element-9b56980 elementor-widget elementor-widget-heading\" data-id=\"9b56980\" data-element_type=\"widget\" data-widget_type=\"heading.default\">\n\t\t\t\t<div class=\"elementor-widget-container\">\n\t\t\t\t\t<p class=\"elementor-heading-title elementor-size-default\">PRIVACY POLICY<\/p>\t\t\t\t<\/div>\n\t\t\t\t<\/div>\n\t\t\t\t<div class=\"elementor-element elementor-element-4845406 elementor-widget elementor-widget-text-editor\" data-id=\"4845406\" data-element_type=\"widget\" data-widget_type=\"text-editor.default\">\n\t\t\t\t<div class=\"elementor-widget-container\">\n\t\t\t\t\t\t\t\t\t<p><strong>\u00bfQui\u00e9n es el responsable del tratamiento de los datos personales?<\/strong><\/p><p>El responsable del tratamiento de los datos personales es ZEROFLATS-eef,s.l con CIF B-55053920 y domicilio profesional en calle del pont num 68, de la Bisbal d\u2019Empord\u00e0 (CP 17100), tel\u00e9fono 972 645 720 y direcci\u00f3n electr\u00f3nica de contacto zeroflats@gmail.com<\/p><p>\u00a0<\/p><p><strong>\u00bfCon qu\u00e9 finalidad y con qu\u00e9 legitimaci\u00f3n tratamos los datos?<\/strong><\/p><p>Contacto. Atendemos las consultas de las personas que contactan con nosotros por medio del correo electr\u00f3nico, formularios de contacto de nuestra web o telef\u00f3nicamente. Tratamos estos datos con el consentimiento de la persona que nos ha dirigido.<\/p><p>Servicios a los clientes. Registramos los clientes y los datos adicionales que se puedan generar como resultado de la relaci\u00f3n comercial con estos clientes. La relaci\u00f3n comercial conlleva incorporar los datos a la contabilidad, la facturaci\u00f3n o informaci\u00f3n a la administraci\u00f3n tributaria. Tratamos estos datos en cumplimiento de las relaciones contractuales y de obligaciones legales.<\/p><p>Gesti\u00f3n de los datos de nuestros proveedores. Tratamos los datos de los proveedores de quien obtenemos servicios o bienes. Obtenemos los datos necesarios para mantener la relaci\u00f3n comercial y los destinamos \u00fanicamente a este fin. Tratamos estos datos en cumplimiento de las relaciones contractuales y de obligaciones legales.<\/p><p>Informaci\u00f3n de productos y servicios. Con la autorizaci\u00f3n de los clientes sus datos de contacto se utilizan para enviar publicidad relacionada con nuestros servicios o productos. Tratamos estos datos en base al consentimiento de la persona que recibe las comunicaciones.<\/p><p>\u00a0<\/p><p><strong>\u00bfA qui\u00e9n se comunican los datos?<\/strong><\/p><p>Como criterio general \u00fanicamente comunicamos datos a administraciones o poderes p\u00fablicos y siempre en cumplimiento de obligaciones legales. En la facturaci\u00f3n podemos comunicarlas a entidades bancarias. No se hacen transferencias de datos fuera del \u00e1mbito de la Uni\u00f3n Europea (transferencia internacional).<\/p><p>\u00a0<\/p><p><strong>\u00bfCu\u00e1nto tiempo conservamos los datos?<\/strong><\/p><p>Cumplimos la obligaci\u00f3n legal de limitar al m\u00e1ximo el plazo de conservaci\u00f3n de los datos. Por este motivo se conservan s\u00f3lo el tiempo necesario y justificado por la finalidad que motiv\u00f3 la obtenci\u00f3n. En determinados casos, como los datos que figuran en la documentaci\u00f3n contable y la facturaci\u00f3n, la normativa fiscal obliga a conservarlos hasta que no prescriban las responsabilidades en esta materia. En el caso de los datos que se tratan en base al consentimiento de la persona interesada, se conservan hasta que esta persona no revoca este consentimiento.<\/p><p>\u00a0<\/p><p><strong>\u00bfQu\u00e9 derechos tienen las personas en relaci\u00f3n a los datos que tratamos?<\/strong><\/p><p>Las personas de las que tratamos datos tienen los siguientes derechos:<\/p><p>A acceder. Derecho a saber qu\u00e9 datos personales son objeto de tratamiento, cu\u00e1l es la finalidad para la que se tratan, las comunicaciones a otras personas, el derecho a obtener copia o saber el plazo previsto de conservaci\u00f3n.<\/p><p>A pedir su rectificaci\u00f3n. Derecho a hacer rectificar los datos inexactos.<\/p><p>A pedir su supresi\u00f3n. Derecho a pedir la supresi\u00f3n de los datos cuando, entre otros motivos, no sean necesarios para los fines para los que fueron recogidos y justificaron el tratamiento.<\/p><p>Pedir la limitaci\u00f3n del tratamiento. En determinadas circunstancias existe el derecho a pedir la limitaci\u00f3n del tratamiento de los datos: dejar\u00e1n de ser tratados y s\u00f3lo se conservar\u00e1n para el ejercicio o la defensa de reclamaciones.<\/p><p>En la portabilidad. Derecho a obtener los datos personales en un formato de uso com\u00fan legible por m\u00e1quina, y transmitirlas a otro responsable del tratamiento si as\u00ed lo decide el interesado.<\/p><p>A oponerse al tratamiento. En aducir motivos relacionados con su situaci\u00f3n particular, una persona nos puede pedir que dejemos de tratar sus datos si le puede suponer un perjuicio.<\/p><p>\u00a0<\/p><p><strong>\u00bfComo se pueden ejercer o defender los derechos?<\/strong><\/p><p>Los derechos que acabamos de enumerar pueden ejercerse dirigiendo una solicitud escrita a ZEROFLATS a nuestra direcci\u00f3n postal o bien enviando un correo electr\u00f3nico a zeroflats@gmail.com indicando en todos los casos &#8220;Protecci\u00f3n de datos personales&#8221;. Si no se ha obtenido respuesta satisfactoria en el ejercicio de los derechos es posible presentar una reclamaci\u00f3n ante la Agencia Espa\u00f1ola de Protecci\u00f3n de Datos, por medio de los formularios u otros canales accesibles desde su p\u00e1gina www.agpd.es.<\/p>\t\t\t\t\t\t\t\t<\/div>\n\t\t\t\t<\/div>\n\t\t\t\t\t<\/div>\n\t\t<\/div>\n\t\t\t\t\t<\/div>\n\t\t<\/section>\n\t\t\t\t<\/div>\n\t\t","protected":false},"excerpt":{"rendered":"<p>PRIVACY POLICY \u00bfQui\u00e9n es el responsable del tratamiento de los datos personales? El responsable del tratamiento de los datos personales es ZEROFLATS-eef,s.l con CIF B-55053920 y domicilio profesional en calle del pont num 68, de la Bisbal d\u2019Empord\u00e0 (CP 17100), tel\u00e9fono 972 645 720 y direcci\u00f3n electr\u00f3nica de contacto zeroflats@gmail.com \u00a0 \u00bfCon qu\u00e9 finalidad y [&hellip;]<\/p>\n","protected":false},"author":1,"featured_media":0,"parent":0,"menu_order":0,"comment_status":"closed","ping_status":"closed","template":"elementor_header_footer","meta":{"footnotes":""},"class_list":["post-4410","page","type-page","status-publish","hentry"],"_links":{"self":[{"href":"https:\/\/zeroflats.com\/en\/wp-json\/wp\/v2\/pages\/4410","targetHints":{"allow":["GET"]}}],"collection":[{"href":"https:\/\/zeroflats.com\/en\/wp-json\/wp\/v2\/pages"}],"about":[{"href":"https:\/\/zeroflats.com\/en\/wp-json\/wp\/v2\/types\/page"}],"author":[{"embeddable":true,"href":"https:\/\/zeroflats.com\/en\/wp-json\/wp\/v2\/users\/1"}],"replies":[{"embeddable":true,"href":"https:\/\/zeroflats.com\/en\/wp-json\/wp\/v2\/comments?post=4410"}],"version-history":[{"count":1,"href":"https:\/\/zeroflats.com\/en\/wp-json\/wp\/v2\/pages\/4410\/revisions"}],"predecessor-version":[{"id":4411,"href":"https:\/\/zeroflats.com\/en\/wp-json\/wp\/v2\/pages\/4410\/revisions\/4411"}],"wp:attachment":[{"href":"https:\/\/zeroflats.com\/en\/wp-json\/wp\/v2\/media?parent=4410"}],"curies":[{"name":"wp","href":"https:\/\/api.w.org\/{rel}","templated":true}]}}